{"id":55,"date":"2021-06-03T16:29:41","date_gmt":"2021-06-03T14:29:41","guid":{"rendered":"http:\/\/s859169507.online.de\/?page_id=55"},"modified":"2023-01-31T18:19:08","modified_gmt":"2023-01-31T16:19:08","slug":"bio","status":"publish","type":"page","link":"https:\/\/romain-garioud.com\/?page_id=55","title":{"rendered":"Biographie"},"content":{"rendered":"\n<p>Romain Garioud is prize winner at such prestigious international competitions as Moscow\u2019s <a rel=\"noreferrer noopener\" href=\"http:\/\/fr.wikipedia.org\/wiki\/Concours_international_Tcha%C3%AFkovski\" target=\"_blank\">Tchaikovsky<\/a> (2001) and Paris\u2019 <a rel=\"noreferrer noopener\" href=\"http:\/\/www.civp.com\/rostro\/arostro.html\" target=\"_blank\">Rostropovitch<\/a> (2002).<\/p>\n\n\n\n<p>In November 2005, Romain Garioud wins the 1st Prize of Bucchi\u2019s International cello Competition. <\/p>\n\n\n\n<p>He graduated from Paris\u2019&nbsp;<a rel=\"noreferrer noopener\" target=\"_blank\" href=\"http:\/\/www.cnsmdp.fr\/\">Conservatoire National Sup\u00e9rieur de Musique<\/a>&nbsp;with a First Prize in both cello (1997) and chamber music (1998), having the privilege of working with such widely renowned cellists as&nbsp;Philippe Muller, Anner Bylsma, Natalia Chakovskaia, Steven Isserlis\u2026<\/p>\n\n\n\n<p>Romain Garioud has won M\u00e9c\u00e9nat Soci\u00e9t\u00e9 G\u00e9n\u00e9rale and Fondation Meyer awards. In&nbsp;2002, he was \u2018R\u00e9v\u00e9lation\u2019 of ADAMI (french national institution for professional musicians). His&nbsp;career then greatly expanded and he was invited to perform or give master-classes in many&nbsp;classical music venues in Europe&nbsp;(Festival de l\u2019Orangerie de Sceaux in France, Colonges-Bellerive and Amadeus in Swiss, Mantova in Italy \u2026.), and, more recently, in China and South America.<\/p>\n\n\n\n<p>Romain Garioud recently played the Lutoslawsly\u2019s cello concerto for the Yuri Bashmet\u2019s festival, was also invited to play for the \u201cMarta Argerich Project\u201d in Lugano, substituted Natalia Gutman in the 1st Shostakovitch\u2019s Cello concerto with the orchestra \u00abCasa da Musica\u00bb of Porto (Portugal), played the Dvorjak Cello Concerto with the conductor Michael Sanderling and the Aalborg Philarmonic (DK) and with such orchestras as the Philarmonic and the Radio Orchestra of Sofia-Bulgary.<\/p>\n\n\n\n<p>He played with such conductors as <a rel=\"noreferrer noopener\" href=\"http:\/\/www.christoph-eschenbach.com\/\" target=\"_blank\">Christoph Eschenbach<\/a> (Orchestre de Paris), <a href=\"http:\/\/stephanecardon.over-blog.org\/\">St\u00e9phane Cardon<\/a> or Volodymir Sirenko (National of Ukraine) and with prestigious chamber music partners like <a rel=\"noreferrer noopener\" href=\"http:\/\/fr.wikipedia.org\/wiki\/Mstislav_Rostropovitch\" target=\"_blank\">Mstislav Rostropovitch<\/a>, <a rel=\"noreferrer noopener\" href=\"http:\/\/www.gillesapap.com\/\" target=\"_blank\">Gilles Apap<\/a>, <a rel=\"noreferrer noopener\" href=\"http:\/\/www.rsi.ch\/argerich\/welcome.cfm?lng=1&amp;ids=491&amp;idc=976\" target=\"_blank\">Dora Schwarzberg<\/a>, <a rel=\"noreferrer noopener\" href=\"http:\/\/de.wikipedia.org\/wiki\/Pavel_Gililov\" target=\"_blank\">Pavel Gililov<\/a>, <a rel=\"noreferrer noopener\" href=\"http:\/\/www.fr.wikipedia.org\/wiki\/Philippe_Entremont\" target=\"_blank\">Philippe Entremont<\/a>,Menahem Presler<a rel=\"noreferrer noopener\" href=\"http:\/\/florent.heau.free.fr\/\" target=\"_blank\">,<\/a>\u2026in the most famous concert halls, <a rel=\"noreferrer noopener\" href=\"http:\/\/www.musikverein.at\/\" target=\"_blank\">Musikverein<\/a> and <a rel=\"noreferrer noopener\" href=\"http:\/\/konzerthaus.at\/\" target=\"_blank\">Konzerthaus<\/a> Wien, <a rel=\"noreferrer noopener\" href=\"http:\/\/www.berliner-philharmoniker.de\/\" target=\"_blank\">Berlin Philharmonie<\/a>. Several of his concerts were recorded by Radio France or Music Cable TV channel Mezzo.<\/p>\n\n\n\n<p>Romain Garioud is willing to defend an eclectic repertoire. In chamber music as well as in his performances as a soloist, he is driven by a true passion for exchange.<\/p>\n\n\n\n<p>From 2020, is a founding member of the \u00ab\u00a0TriOdyss\u00e9e\u201c, with the violinist Laurent Albrecht Breuninger and the pianist Rinko Hama and from 2019 is Professeur in the \u00ab\u00a0<a href=\"https:\/\/akademie-fuer-tonkunst.de\/\">Akademie f\u00fcr Tonkunst<\/a>\u00a0\u00bb in Darmstadt.<\/p>\n\n\n\n<p>He\u2019s playing an exceptional Nicolai Gagliano\u2019 s cello from 1760, generously lent by Gabriele &amp; Michael Andreae-J\u00e4ckering.<\/p>\n\n\n\n<p>Download CV <a href=\"https:\/\/romain-garioud.com\/wp-content\/uploads\/2021\/06\/Roman-Garioud-bio-english-website.pdf\">english<\/a> | <a href=\"https:\/\/romain-garioud.com\/wp-content\/uploads\/2021\/06\/Roman-Garioud-bio-deutsch-website.pdf\">deutsch<\/a> | <a href=\"https:\/\/romain-garioud.com\/wp-content\/uploads\/2021\/06\/Roman-Garioud-bio-french-website.pdf\">fran\u00e7ais<\/a> | <a href=\"https:\/\/romain-garioud.com\/wp-content\/uploads\/2021\/06\/Roman-Garioud-bio-spanish-website.pdf\">espa\u00f1ol<\/a> | <a href=\"https:\/\/romain-garioud.com\/wp-content\/uploads\/2021\/06\/Roman-Garioud-Garioud-bio-PT-2016.pdf\">portugu\u00eas<\/a> | <a href=\"https:\/\/romain-garioud.com\/wp-content\/uploads\/2021\/06\/Roman-Garioud-bio-italien-website.pdf\">italiano<\/a><\/p>\n","protected":false},"excerpt":{"rendered":"<p>Romain Garioud is prize winner at such prestigious international competitions as Moscow\u2019s Tchaikovsky (2001) and Paris\u2019 Rostropovitch (2002). In November 2005, Romain Garioud wins the 1st Prize of Bucchi\u2019s International cello Competition. He graduated from Paris\u2019&nbsp;Conservatoire National Sup\u00e9rieur de Musique&nbsp;with a First Prize in both cello (1997) and chamber music (1998), having the privilege of [&hellip;]<\/p>\n","protected":false},"author":1,"featured_media":103,"parent":0,"menu_order":0,"comment_status":"closed","ping_status":"closed","template":"","meta":{"footnotes":""},"class_list":["post-55","page","type-page","status-publish","has-post-thumbnail","hentry"],"_links":{"self":[{"href":"https:\/\/romain-garioud.com\/index.php?rest_route=\/wp\/v2\/pages\/55","targetHints":{"allow":["GET"]}}],"collection":[{"href":"https:\/\/romain-garioud.com\/index.php?rest_route=\/wp\/v2\/pages"}],"about":[{"href":"https:\/\/romain-garioud.com\/index.php?rest_route=\/wp\/v2\/types\/page"}],"author":[{"embeddable":true,"href":"https:\/\/romain-garioud.com\/index.php?rest_route=\/wp\/v2\/users\/1"}],"replies":[{"embeddable":true,"href":"https:\/\/romain-garioud.com\/index.php?rest_route=%2Fwp%2Fv2%2Fcomments&post=55"}],"version-history":[{"count":9,"href":"https:\/\/romain-garioud.com\/index.php?rest_route=\/wp\/v2\/pages\/55\/revisions"}],"predecessor-version":[{"id":222,"href":"https:\/\/romain-garioud.com\/index.php?rest_route=\/wp\/v2\/pages\/55\/revisions\/222"}],"wp:featuredmedia":[{"embeddable":true,"href":"https:\/\/romain-garioud.com\/index.php?rest_route=\/wp\/v2\/media\/103"}],"wp:attachment":[{"href":"https:\/\/romain-garioud.com\/index.php?rest_route=%2Fwp%2Fv2%2Fmedia&parent=55"}],"curies":[{"name":"wp","href":"https:\/\/api.w.org\/{rel}","templated":true}]}}